{"id":12,"date":"2021-10-28T11:55:32","date_gmt":"2021-10-28T11:55:32","guid":{"rendered":"https:\/\/anita-wagner.com\/?page_id=12"},"modified":"2024-11-27T13:06:11","modified_gmt":"2024-11-27T13:06:11","slug":"startseite","status":"publish","type":"page","link":"https:\/\/anita-wagner.com\/en\/","title":{"rendered":"All offers are also provided in English (no translation yet)"},"content":{"rendered":"<div data-elementor-type=\"wp-page\" data-elementor-id=\"12\" class=\"elementor elementor-12\">\n\t\t\t\t\t\t\t\t\t<section class=\"elementor-section elementor-top-section elementor-element elementor-element-3edb083f elementor-section-boxed elementor-section-height-default elementor-section-height-default\" data-id=\"3edb083f\" data-element_type=\"section\">\n\t\t\t\t\t\t<div class=\"elementor-container elementor-column-gap-default\">\n\t\t\t\t\t<div class=\"elementor-column elementor-col-100 elementor-top-column elementor-element elementor-element-3e822385\" data-id=\"3e822385\" data-element_type=\"column\">\n\t\t\t<div class=\"elementor-widget-wrap elementor-element-populated\">\n\t\t\t\t\t\t\t\t<div class=\"elementor-element elementor-element-386a5ee5 elementor-widget elementor-widget-text-editor\" data-id=\"386a5ee5\" data-element_type=\"widget\" data-widget_type=\"text-editor.default\">\n\t\t\t\t<div class=\"elementor-widget-container\">\n\t\t\t<style>\/*! elementor - v3.18.0 - 08-12-2023 *\/\n.elementor-widget-text-editor.elementor-drop-cap-view-stacked .elementor-drop-cap{background-color:#69727d;color:#fff}.elementor-widget-text-editor.elementor-drop-cap-view-framed .elementor-drop-cap{color:#69727d;border:3px solid;background-color:transparent}.elementor-widget-text-editor:not(.elementor-drop-cap-view-default) .elementor-drop-cap{margin-top:8px}.elementor-widget-text-editor:not(.elementor-drop-cap-view-default) .elementor-drop-cap-letter{width:1em;height:1em}.elementor-widget-text-editor .elementor-drop-cap{float:left;text-align:center;line-height:1;font-size:50px}.elementor-widget-text-editor .elementor-drop-cap-letter{display:inline-block}<\/style>\t\t\t\t<p><!-- wp:columns --><\/p>\n<div>\n<p><!-- wp:column --><\/p>\n<div>\n<p><!-- wp:heading {\"textAlign\":\"center\",\"level\":4} --><\/p>\n<h2>Will<b>kommen!<br>Ich bin Anita, und ich begleite Menschen dabei, sich selbst besser zu verstehen, den K\u00f6rper mit Gedanken und Gef\u00fchlen in Einklang zu bringen und innere Klarheit zu gewinnen. Ob durch Coaching, Holistic Bodywork oder kreative Massagekurse \u2013 mein Ansatz ist individuell, wertsch\u00e4tzend und tiefgreifend.<br>Erfahre mehr \u00fcber meine Angebote und finde heraus, wie ich dich auf deinem Weg unterst\u00fctzen kann.<\/b><\/h2>\n<h2>&nbsp;<\/h2>\n\n<h2><b>You can ask for courses, coaching, touch-sessions here: anita@inspiredtouch.de<\/b><\/h2>\n<p><!-- \/wp:heading --><\/p>\n<\/div>\n<p><!-- \/wp:column --><\/p>\n<\/div>\n<p><!-- \/wp:columns --><!-- wp:columns --><\/p>\n<div>\n<p><!-- wp:column --><\/p>\n<div>\n<p><!-- wp:heading {\"textAlign\":\"center\"} --><\/p>\n<h2>Privat- Massagekurse<\/h2>\n<p><!-- \/wp:heading --><!-- wp:image {\"id\":93,\"width\":192,\"height\":209,\"sizeSlug\":\"full\",\"linkDestination\":\"none\"} --><\/p>\n<figure><img decoding=\"async\" style=\"width: 192px; height: 209px;\" src=\"https:\/\/anita-wagner.com\/wp-content\/uploads\/2021\/12\/2.jpeg\" alt=\"\"><\/figure>\n<p><!-- \/wp:image --><\/p>\n<\/div>\n<p><!-- \/wp:column --><!-- wp:column --><\/p>\n<div>\n<p><!-- wp:heading {\"textAlign\":\"center\"} --><\/p>\n<h2>Unfolding- Self Sessions<\/h2>\n<p><!-- \/wp:heading --><!-- wp:image {\"id\":108,\"width\":212,\"height\":203,\"sizeSlug\":\"full\",\"linkDestination\":\"none\"} --><\/p>\n<figure><img decoding=\"async\" style=\"width: 212px; height: 203px;\" src=\"https:\/\/anita-wagner.com\/wp-content\/uploads\/2021\/12\/photo1638444370-3.jpeg\" alt=\"\"><\/figure>\n<p><!-- \/wp:image --><\/p>\n<\/div>\n<p><!-- \/wp:column --><!-- wp:column --><\/p>\n<div>\n<p><!-- wp:heading {\"textAlign\":\"center\"} --><\/p>\n<h2>Holistic Bodywork<\/h2>\n<p><!-- \/wp:heading --><!-- wp:image {\"id\":81,\"width\":162,\"height\":215,\"sizeSlug\":\"large\",\"linkDestination\":\"none\"} --><\/p>\n<figure><img decoding=\"async\" style=\"width: 162px; height: 215px;\" src=\"https:\/\/anita-wagner.com\/wp-content\/uploads\/2021\/11\/P1200029-1-769x1024.jpg\" alt=\"\"><\/figure>\n<p><!-- \/wp:image --><\/p>\n<\/div>\n<p><!-- \/wp:column --><\/p>\n<\/div>\n<p><!-- \/wp:columns --><!-- wp:paragraph {\"align\":\"center\"} --><\/p>\n<p><\/p>\n<p><!-- \/wp:paragraph --><\/p>\t\t\t\t\t\t<\/div>\n\t\t\t\t<\/div>\n\t\t\t\t\t<\/div>\n\t\t<\/div>\n\t\t\t\t\t\t\t<\/div>\n\t\t<\/section>\n\t\t\t\t\t\t\t<\/div>","protected":false},"excerpt":{"rendered":"<p>Willkommen!Ich bin Anita, und ich begleite Menschen dabei, sich selbst besser zu verstehen, den K\u00f6rper mit Gedanken und Gef\u00fchlen in Einklang zu bringen und innere Klarheit zu gewinnen. Ob durch Coaching, Holistic Bodywork oder kreative Massagekurse \u2013 mein Ansatz ist individuell, wertsch\u00e4tzend und tiefgreifend.Erfahre mehr \u00fcber meine Angebote und finde heraus, wie ich dich auf [&hellip;]<\/p>","protected":false},"author":1,"featured_media":0,"parent":0,"menu_order":0,"comment_status":"closed","ping_status":"closed","template":"","meta":{"footnotes":""},"class_list":["post-12","page","type-page","status-publish","hentry","entry"],"_links":{"self":[{"href":"https:\/\/anita-wagner.com\/en\/wp-json\/wp\/v2\/pages\/12","targetHints":{"allow":["GET"]}}],"collection":[{"href":"https:\/\/anita-wagner.com\/en\/wp-json\/wp\/v2\/pages"}],"about":[{"href":"https:\/\/anita-wagner.com\/en\/wp-json\/wp\/v2\/types\/page"}],"author":[{"embeddable":true,"href":"https:\/\/anita-wagner.com\/en\/wp-json\/wp\/v2\/users\/1"}],"replies":[{"embeddable":true,"href":"https:\/\/anita-wagner.com\/en\/wp-json\/wp\/v2\/comments?post=12"}],"version-history":[{"count":18,"href":"https:\/\/anita-wagner.com\/en\/wp-json\/wp\/v2\/pages\/12\/revisions"}],"predecessor-version":[{"id":181,"href":"https:\/\/anita-wagner.com\/en\/wp-json\/wp\/v2\/pages\/12\/revisions\/181"}],"wp:attachment":[{"href":"https:\/\/anita-wagner.com\/en\/wp-json\/wp\/v2\/media?parent=12"}],"curies":[{"name":"wp","href":"https:\/\/api.w.org\/{rel}","templated":true}]}}